{"id":2,"date":"2016-09-06T13:47:27","date_gmt":"2016-09-06T11:47:27","guid":{"rendered":"http:\/\/skiclublavey.ch\/?page_id=2"},"modified":"2025-11-15T11:52:28","modified_gmt":"2025-11-15T10:52:28","slug":"page-d-exemple","status":"publish","type":"page","link":"https:\/\/skiclublavey.ch\/","title":{"rendered":"A propos"},"content":{"rendered":"<p><strong>&nbsp;<\/strong><\/p>\n<p><strong>Bonjour \u00e0 tous et bienvenu au Ski Club Lavey-Village.<\/strong><\/p>\n<p>Saison 2025\/2026<\/p>\n<p>Nouvelle saison et nouvelle \u00e9quipe, tout du moins partiellement.<\/p>\n<p>Cette saison annonce des changements au comit\u00e9 mais pas que\u2026<\/p>\n<p>Le travail fourni&nbsp; ces derni\u00e8res ann\u00e9es par l&rsquo;\u00e9quipe en place a port\u00e9 ses fruits, nombre croissant des inscriptions \u00e0 l&rsquo;OJ, changements au chalet avec de nouvelles installations et bient\u00f4t la r\u00e9novation des sanitaires \u00e0 la sotte, cam\u00e9ras pour la surveillance , travaux de maintenance et de mise a niveau sur le t\u00e9l\u00e9 et le ratrak etc etc&#8230;<\/p>\n<p>La nouvelle \u00e9quipe continuera a vous repr\u00e9senter, vous ch\u00e8res membres pour la suite de l&rsquo;aventure.<\/p>\n<p>Merci de leurs faire bon accueil.<\/p>\n","protected":false},"excerpt":{"rendered":"<p>&nbsp; Bonjour \u00e0 tous et bienvenu au Ski Club Lavey-Village. Saison 2025\/2026 Nouvelle saison et nouvelle \u00e9quipe, tout du moins partiellement. Cette saison annonce des changements au comit\u00e9 mais pas que\u2026 Le travail fourni&nbsp; ces derni\u00e8res ann\u00e9es par l&rsquo;\u00e9quipe en place a port\u00e9 ses fruits, nombre croissant des inscriptions \u00e0 l&rsquo;OJ, changements au chalet avec [&hellip;]<\/p>\n","protected":false},"author":1,"featured_media":0,"parent":0,"menu_order":100,"comment_status":"closed","ping_status":"open","template":"","meta":{"ngg_post_thumbnail":0,"jetpack_post_was_ever_published":false,"footnotes":""},"class_list":["post-2","page","type-page","status-publish","hentry"],"aioseo_notices":[],"jetpack_sharing_enabled":true,"jetpack_shortlink":"https:\/\/wp.me\/P7Sgjo-2","jetpack_likes_enabled":true,"_links":{"self":[{"href":"https:\/\/skiclublavey.ch\/index.php?rest_route=\/wp\/v2\/pages\/2","targetHints":{"allow":["GET"]}}],"collection":[{"href":"https:\/\/skiclublavey.ch\/index.php?rest_route=\/wp\/v2\/pages"}],"about":[{"href":"https:\/\/skiclublavey.ch\/index.php?rest_route=\/wp\/v2\/types\/page"}],"author":[{"embeddable":true,"href":"https:\/\/skiclublavey.ch\/index.php?rest_route=\/wp\/v2\/users\/1"}],"replies":[{"embeddable":true,"href":"https:\/\/skiclublavey.ch\/index.php?rest_route=%2Fwp%2Fv2%2Fcomments&post=2"}],"version-history":[{"count":15,"href":"https:\/\/skiclublavey.ch\/index.php?rest_route=\/wp\/v2\/pages\/2\/revisions"}],"predecessor-version":[{"id":2323,"href":"https:\/\/skiclublavey.ch\/index.php?rest_route=\/wp\/v2\/pages\/2\/revisions\/2323"}],"wp:attachment":[{"href":"https:\/\/skiclublavey.ch\/index.php?rest_route=%2Fwp%2Fv2%2Fmedia&parent=2"}],"curies":[{"name":"wp","href":"https:\/\/api.w.org\/{rel}","templated":true}]}}